{"id":67,"date":"2024-03-07T11:54:44","date_gmt":"2024-03-07T10:54:44","guid":{"rendered":"https:\/\/www.nyralim.de\/?page_id=67"},"modified":"2025-12-05T11:26:49","modified_gmt":"2025-12-05T10:26:49","slug":"loa-imago","status":"publish","type":"page","link":"https:\/\/www.nyralim.de\/","title":{"rendered":"Loa Imago"},"content":{"rendered":"\n<p>Fantasy\/ Romance Autorin<\/p>\n\n\n\n<p><strong>Loa Imago<\/strong> lebt und schreibt in Wien, einer Stadt, die sie f\u00fcr ihre kulturelle Vielfalt und zeitlose Inspiration sch\u00e4tzt. Bereits in jungen Jahren entdeckte sie ihre Leidenschaft f\u00fcr das Schreiben und begann, mit Worten ihre eigenen Welten zu erschaffen.<\/p>\n\n\n\n<p>Ihre Liebe zur Phantastik spiegelt sich in ihren Werken wider, in denen sie Grenzen zwischen Realit\u00e4t und Fantasie aufl\u00f6st und Leser:innen in faszinierende Universen entf\u00fchrt. Mit einem Blick f\u00fcr das Detail und einem Gesp\u00fcr f\u00fcr gro\u00dfe Erz\u00e4hlungen widmet sie sich Themen wie Magie, Liebe und Menschlichkeit.<\/p>\n\n\n\n<div class=\"wp-block-columns is-layout-flex wp-container-core-columns-is-layout-9d6595d7 wp-block-columns-is-layout-flex\">\n<div class=\"wp-block-column is-layout-flow wp-block-column-is-layout-flow\">\n<figure class=\"wp-block-image size-large\"><img loading=\"lazy\" decoding=\"async\" width=\"724\" height=\"1024\" src=\"https:\/\/www.nyralim.de\/wp-content\/uploads\/2025\/10\/WhatsApp-Image-2025-08-23-at-12.13.38-724x1024.jpeg\" alt=\"\" class=\"wp-image-143\" srcset=\"https:\/\/www.nyralim.de\/wp-content\/uploads\/2025\/10\/WhatsApp-Image-2025-08-23-at-12.13.38-724x1024.jpeg 724w, https:\/\/www.nyralim.de\/wp-content\/uploads\/2025\/10\/WhatsApp-Image-2025-08-23-at-12.13.38-212x300.jpeg 212w, https:\/\/www.nyralim.de\/wp-content\/uploads\/2025\/10\/WhatsApp-Image-2025-08-23-at-12.13.38-768x1086.jpeg 768w, https:\/\/www.nyralim.de\/wp-content\/uploads\/2025\/10\/WhatsApp-Image-2025-08-23-at-12.13.38-1086x1536.jpeg 1086w, https:\/\/www.nyralim.de\/wp-content\/uploads\/2025\/10\/WhatsApp-Image-2025-08-23-at-12.13.38.jpeg 1131w\" sizes=\"auto, (max-width: 724px) 100vw, 724px\" \/><\/figure>\n<\/div>\n\n\n\n<div class=\"wp-block-column is-layout-flow wp-block-column-is-layout-flow\">\n<p><strong>ARDOREM &#8211; Das Lied der Flammen<\/strong><\/p>\n\n\n\n<p>Die Welt liegt in Tr\u00fcmmern.<br>Jahrhunderte lang tyrannisierte der Sonnenkult im Namen seines Gottes die Fae, bis er hinter die Roten Berge zur\u00fcck in die verbrannten Lande verbannt wurde. In dieser von Konflikt zerr\u00fctteten Welt treffen sich zwei verlorene Seelen:<br><br>Sylvan vom Hof der Abendd\u00e4mmerung ist durch einen Eid an seinen Prinzen gebunden. Das Volk schaut zu ihm auf, damit er sie vor dem Feind sch\u00fctze. Die B\u00fcrde dieser Verantwortung lastet schwer auf seinen Schultern und nur auf der letzten Reise seiner Mentorin Esme findet er einen Atemzug Freiheit, so schmerzlich der Preis auch sein mag.<br>Bis er Jona, der Frau mit den goldenen Augen und dem Temperament einer L\u00f6win begegnet.<br>Sie ist die Einzige, die ihm nicht mit Ehrfurcht entgegentritt.<br>Doch ihre eigene Zeit rinnt dahin. Bevor das Schicksal sie einholt, muss sie ihren Bruder Ethan in Sicherheit bringen. Immer sind ihr die Schergen des Sonnenkultes auf den Fersen, gierig nach der Macht, die in ihrem Herzen wohnt.<br><br>Jona glaubt zu wissen, was ihr Schicksal verlangt, doch vielleicht ist ihre Entscheidung l\u00e4ngst nicht so unausweichlich, wie sie dachte&#8230;<\/p>\n\n\n\n<p><a href=\"javascript:void(0)\"><\/a><\/p>\n\n\n\n<p><\/p>\n\n\n\n<p>erh\u00e4ltlich auf <a href=\"https:\/\/www.amazon.de\/ARDOREM-Lied-Flammen-Loa-Imago-ebook\/dp\/B0F4493LNB\/ref=sr_1_1?crid=14LTFHB2ZOTM9&amp;dib=eyJ2IjoiMSJ9.Lyozi2YknmWFDGV7TcRgCynlkpMqV3ROe_70aOtjdY-UrDjDqBCuVKg_qztewHr1uknFUBIAIDioYVe6Og5zVA4cJBN0mzb4Yh80V9NobJUKw8Lo7u5FB30C1rjiwBbNbyUTqNVL-lwJr4jDDcdVjDcdxGX0bo72mxMvFXEdquAYzA2Z0_2dC9dpYWIP1AdgrE9TQoxUn2cnP6vqEEoUTDAySN7eJw3C0oTizwKaOjg.7PQbQUl5rJ6cVV3OEZyRY7C_kFw3nSrp55HW4gNQ9lM&amp;dib_tag=se&amp;keywords=ardorem&amp;qid=1764930159&amp;sprefix=%2Caps%2C156&amp;sr=8-1\" title=\"\">Amazon<\/a> als ebook, Paperback und Hardcover<\/p>\n<\/div>\n<\/div>\n\n\n\n<div class=\"wp-block-media-text is-stacked-on-mobile\"><figure class=\"wp-block-media-text__media\"><img loading=\"lazy\" decoding=\"async\" width=\"724\" height=\"1024\" src=\"https:\/\/www.nyralim.de\/wp-content\/uploads\/2024\/03\/Die-schwarze-Krone-Cover-2-724x1024.jpg\" alt=\"\" class=\"wp-image-70 size-full\" srcset=\"https:\/\/www.nyralim.de\/wp-content\/uploads\/2024\/03\/Die-schwarze-Krone-Cover-2-724x1024.jpg 724w, https:\/\/www.nyralim.de\/wp-content\/uploads\/2024\/03\/Die-schwarze-Krone-Cover-2-212x300.jpg 212w, https:\/\/www.nyralim.de\/wp-content\/uploads\/2024\/03\/Die-schwarze-Krone-Cover-2-768x1086.jpg 768w, https:\/\/www.nyralim.de\/wp-content\/uploads\/2024\/03\/Die-schwarze-Krone-Cover-2-1086x1536.jpg 1086w, https:\/\/www.nyralim.de\/wp-content\/uploads\/2024\/03\/Die-schwarze-Krone-Cover-2-1448x2048.jpg 1448w, https:\/\/www.nyralim.de\/wp-content\/uploads\/2024\/03\/Die-schwarze-Krone-Cover-2-scaled.jpg 1810w\" sizes=\"auto, (max-width: 724px) 100vw, 724px\" \/><\/figure><div class=\"wp-block-media-text__content\">\n<p><strong>Die schwarze Krone<\/strong><\/p>\n\n\n\n<p>341 Seiten<\/p>\n\n\n\n<p>Genre: Romantasy, Fantasy<\/p>\n\n\n\n<p>Manch einer w\u00fcrde behaupten, Nyralim, Tochter der letzten wei\u00dfen Dryade, Erbin der schwarzen Krone und K\u00f6nigin der dunklen Fey, h\u00e4tte alles erreicht.<br>Sie bek\u00e4mpfte die dunklen Druiden, beendete die tausendj\u00e4hrige grausame Herrschaft der hellen Fey \u00fcber das Dickicht und befreite so ihr Volk aus der Sklaverei.<br>In den Feuern des Urtals zerbrach sie die Krone in St\u00fccke und gab jedem ihrer W\u00e4chter ein Teil, damit ihre Macht nie wieder missbraucht werde. So f\u00fchrte sie ihr Volk zu Frieden und Wohlstand, immer auf der Hut vor dem Schattend\u00e4mon Behemoth, der es auf die Krone abgesehen hat.<br>Doch kann nicht alles ewig weilen, wenn Liebe und Verrat ihre Hand im Spiel haben\u2026<\/p>\n\n\n\n<p>erh\u00e4ltlich auf <a href=\"https:\/\/www.amazon.de\/dp\/B0CWD4JBP9\" data-type=\"link\" data-id=\"https:\/\/www.amazon.de\/dp\/B0CWD4JBP9\">Amazon<\/a><\/p>\n<\/div><\/div>\n\n\n\n<p><\/p>\n\n\n\n<div class=\"wp-block-columns is-layout-flex wp-container-core-columns-is-layout-9d6595d7 wp-block-columns-is-layout-flex\">\n<div class=\"wp-block-column is-layout-flow wp-block-column-is-layout-flow\" style=\"flex-basis:100%\">\n<div class=\"wp-block-media-text is-stacked-on-mobile\"><figure class=\"wp-block-media-text__media\"><img loading=\"lazy\" decoding=\"async\" width=\"954\" height=\"1024\" src=\"https:\/\/www.nyralim.de\/wp-content\/uploads\/2024\/03\/covercover-954x1024.jpg\" alt=\"\" class=\"wp-image-93 size-full\" srcset=\"https:\/\/www.nyralim.de\/wp-content\/uploads\/2024\/03\/covercover-954x1024.jpg 954w, https:\/\/www.nyralim.de\/wp-content\/uploads\/2024\/03\/covercover-280x300.jpg 280w, https:\/\/www.nyralim.de\/wp-content\/uploads\/2024\/03\/covercover-768x824.jpg 768w, https:\/\/www.nyralim.de\/wp-content\/uploads\/2024\/03\/covercover-1431x1536.jpg 1431w, https:\/\/www.nyralim.de\/wp-content\/uploads\/2024\/03\/covercover-1568x1683.jpg 1568w, https:\/\/www.nyralim.de\/wp-content\/uploads\/2024\/03\/covercover.jpg 1600w\" sizes=\"auto, (max-width: 954px) 100vw, 954px\" \/><\/figure><div class=\"wp-block-media-text__content\">\n<p><strong>Tochter des Mare<\/strong>\/ Alynn: Daughter of the ocean<\/p>\n\n\n\n<p>127 pages, Neobooks Selfpublishing\/ <a href=\"https:\/\/www.amazon.de\/dp\/B0CCDY9CL5\" data-type=\"link\" data-id=\"https:\/\/www.amazon.de\/dp\/B0CCDY9CL5\">Amazon<\/a><\/p>\n\n\n\n<p><\/p>\n\n\n\n<p>The nymph Alynn, the only daughter of the sea god, is a heroine known from ancient legends and myths. But those times are long gone. The demigoddess hires herself out as a mercenary and spends her pay in taverns. Always careful not to stay too long in one place, because none other than the High King of the Elves Oberon is looking for her&#8230; But how long can the nymph run away from her problems? And what does the outrageously handsome elf have to do with it?<\/p>\n<\/div><\/div>\n<\/div>\n<\/div>\n\n\n\n<p><\/p>\n","protected":false},"excerpt":{"rendered":"<p>Fantasy\/ Romance Autorin Loa Imago lebt und schreibt in Wien, einer Stadt, die sie f\u00fcr ihre kulturelle Vielfalt und zeitlose Inspiration sch\u00e4tzt. Bereits in jungen Jahren entdeckte sie ihre Leidenschaft f\u00fcr das Schreiben und begann, mit Worten ihre eigenen Welten zu erschaffen. [&hellip;]<\/p>\n","protected":false},"author":1,"featured_media":0,"parent":0,"menu_order":0,"comment_status":"closed","ping_status":"closed","template":"","meta":{"footnotes":""},"class_list":["post-67","page","type-page","status-publish","hentry"],"aioseo_notices":[],"_links":{"self":[{"href":"https:\/\/www.nyralim.de\/index.php?rest_route=\/wp\/v2\/pages\/67","targetHints":{"allow":["GET"]}}],"collection":[{"href":"https:\/\/www.nyralim.de\/index.php?rest_route=\/wp\/v2\/pages"}],"about":[{"href":"https:\/\/www.nyralim.de\/index.php?rest_route=\/wp\/v2\/types\/page"}],"author":[{"embeddable":true,"href":"https:\/\/www.nyralim.de\/index.php?rest_route=\/wp\/v2\/users\/1"}],"replies":[{"embeddable":true,"href":"https:\/\/www.nyralim.de\/index.php?rest_route=%2Fwp%2Fv2%2Fcomments&post=67"}],"version-history":[{"count":13,"href":"https:\/\/www.nyralim.de\/index.php?rest_route=\/wp\/v2\/pages\/67\/revisions"}],"predecessor-version":[{"id":148,"href":"https:\/\/www.nyralim.de\/index.php?rest_route=\/wp\/v2\/pages\/67\/revisions\/148"}],"wp:attachment":[{"href":"https:\/\/www.nyralim.de\/index.php?rest_route=%2Fwp%2Fv2%2Fmedia&parent=67"}],"curies":[{"name":"wp","href":"https:\/\/api.w.org\/{rel}","templated":true}]}}